{"id":3804,"date":"2025-01-19T21:59:49","date_gmt":"2025-01-19T18:59:49","guid":{"rendered":"https:\/\/theplazabodrum.com\/leo-cocuk-kulubu\/"},"modified":"2025-02-09T14:47:22","modified_gmt":"2025-02-09T11:47:22","slug":"leo-cocuk-kulubu","status":"publish","type":"page","link":"https:\/\/theplazabodrum.com\/tr\/leo-cocuk-kulubu\/","title":{"rendered":"Leo \u00c7ocuk Kul\u00fcb\u00fc"},"content":{"rendered":"\t\t<div data-elementor-type=\"wp-page\" data-elementor-id=\"3804\" class=\"elementor elementor-3804 elementor-3377\" data-elementor-post-type=\"page\">\n\t\t\t\t\t\t<section class=\"elementor-section elementor-top-section elementor-element elementor-element-259bd1a0 elementor-section-height-min-height cs-section-content-fullwidth cs-parallax-on-scroll cs_scroll_y_80 elementor-section-boxed elementor-section-height-default elementor-section-items-middle\" data-id=\"259bd1a0\" data-element_type=\"section\" data-e-type=\"section\" data-settings=\"{&quot;background_background&quot;:&quot;classic&quot;}\" data-cs-parallax-y=\"80\" style=\"background-image: none;\" data-cs-background-image=\"https:\/\/theplazabodrum.com\/wp-content\/uploads\/2025\/01\/leokidsclub3.webp\" data-cs-background-image-alt-text=\"\">\n\t\t\t\t\t\t\t<div class=\"elementor-background-overlay\"><\/div>\n\t\t\t\t\t\t\t<div class=\"elementor-container elementor-column-gap-no\">\n\t\t\t\t\t<div class=\"elementor-column elementor-col-100 elementor-top-column elementor-element elementor-element-45da27e9 dark-color\" data-id=\"45da27e9\" data-element_type=\"column\" data-e-type=\"column\">\n\t\t\t<div class=\"elementor-widget-wrap elementor-element-populated\">\n\t\t\t\t\t\t<div class=\"elementor-element elementor-element-4fd9a28d elementor-widget elementor-widget-cs_title\" data-id=\"4fd9a28d\" data-element_type=\"widget\" data-e-type=\"widget\" data-widget_type=\"cs_title.default\">\n\t\t\t\t<div class=\"elementor-widget-container\">\n\t\t\t\t\t\n        <div class=\"cs-title-wrap text-center\">\t            <h1 class=\"cs-title\">\n\t                Leo \u00c7ocuk Kul\u00fcb\u00fc\t            <\/h1>\t            <div class=\"cs-title-text\">\n\t                <p class=\"p1\">E\u011flence ve Maceran\u0131n Hayat Buldu\u011fu Yer!<\/p>\n\t            <\/div>        <\/div>\t\t\t\t<\/div>\n\t\t\t\t<\/div>\n\t\t\t\t\t<\/div>\n\t\t<\/div>\n\t\t\t\t\t<\/div>\n\t\t<\/section>\n\t\t\t\t<section class=\"elementor-section elementor-top-section elementor-element elementor-element-2565b08f elementor-section-content-middle elementor-section-boxed elementor-section-height-default elementor-section-height-default\" data-id=\"2565b08f\" data-element_type=\"section\" data-e-type=\"section\" data-settings=\"{&quot;background_background&quot;:&quot;classic&quot;}\">\n\t\t\t\t\t\t<div class=\"elementor-container elementor-column-gap-no\">\n\t\t\t\t\t<div class=\"elementor-column elementor-col-50 elementor-top-column elementor-element elementor-element-1eb90815\" data-id=\"1eb90815\" data-element_type=\"column\" data-e-type=\"column\">\n\t\t\t<div class=\"elementor-widget-wrap elementor-element-populated\">\n\t\t\t\t\t\t<div class=\"elementor-element elementor-element-76f43325 cs-animation-small-offset elementor-invisible elementor-widget elementor-widget-image\" data-id=\"76f43325\" data-element_type=\"widget\" data-e-type=\"widget\" data-settings=\"{&quot;_animation&quot;:&quot;fadeInUp&quot;,&quot;_animation_delay&quot;:150}\" data-widget_type=\"image.default\">\n\t\t\t\t<div class=\"elementor-widget-container\">\n\t\t\t\t\t\t\t\t\t\t\t\t\t\t\t<img fetchpriority=\"high\" decoding=\"async\" width=\"1080\" height=\"1080\" src=\"https:\/\/theplazabodrum.com\/wp-content\/uploads\/2025\/01\/leokidsclublogo.webp\" class=\"attachment-full size-full wp-image-3764\" alt=\"\" srcset=\"https:\/\/theplazabodrum.com\/wp-content\/uploads\/2025\/01\/leokidsclublogo.webp 1080w, https:\/\/theplazabodrum.com\/wp-content\/uploads\/2025\/01\/leokidsclublogo-300x300.webp 300w, https:\/\/theplazabodrum.com\/wp-content\/uploads\/2025\/01\/leokidsclublogo-1024x1024.webp 1024w, https:\/\/theplazabodrum.com\/wp-content\/uploads\/2025\/01\/leokidsclublogo-150x150.webp 150w, https:\/\/theplazabodrum.com\/wp-content\/uploads\/2025\/01\/leokidsclublogo-768x768.webp 768w, https:\/\/theplazabodrum.com\/wp-content\/uploads\/2025\/01\/leokidsclublogo-780x780.webp 780w, https:\/\/theplazabodrum.com\/wp-content\/uploads\/2025\/01\/leokidsclublogo-600x600.webp 600w, https:\/\/theplazabodrum.com\/wp-content\/uploads\/2025\/01\/leokidsclublogo-550x550.webp 550w, https:\/\/theplazabodrum.com\/wp-content\/uploads\/2025\/01\/leokidsclublogo-370x370.webp 370w, https:\/\/theplazabodrum.com\/wp-content\/uploads\/2025\/01\/leokidsclublogo-255x255.webp 255w\" sizes=\"(max-width: 1080px) 100vw, 1080px\" \/>\t\t\t\t\t\t\t\t\t\t\t\t\t\t\t<\/div>\n\t\t\t\t<\/div>\n\t\t\t\t\t<\/div>\n\t\t<\/div>\n\t\t\t\t<div class=\"elementor-column elementor-col-50 elementor-top-column elementor-element elementor-element-2be53163\" data-id=\"2be53163\" data-element_type=\"column\" data-e-type=\"column\">\n\t\t\t<div class=\"elementor-widget-wrap elementor-element-populated\">\n\t\t\t\t\t\t<div class=\"elementor-element elementor-element-16470583 elementor-widget elementor-widget-cs_title\" data-id=\"16470583\" data-element_type=\"widget\" data-e-type=\"widget\" data-widget_type=\"cs_title.default\">\n\t\t\t\t<div class=\"elementor-widget-container\">\n\t\t\t\t\t\n        <div class=\"cs-title-wrap\">\t            <div class=\"cs-subtitle-wrap\"><span class=\"cs-subtitle\">K\u00fc\u00e7\u00fck Misafirlerimizi B\u00fcy\u00fcl\u00fc Bir Ne\u015fe D\u00fcnyas\u0131 Bekliyor!<\/span><\/div>\t            <h4 class=\"cs-title\">\n\t                Kahkaha, ke\u015fif ve sonsuz e\u011flence dolu bir sezon i\u00e7in bize kat\u0131l\u0131n!\t            <\/h4>\t            <div class=\"cs-title-text\">\n\t                <p class=\"p3\">The Plaza Bodrum Hotel Leo Mini Club 2025 sezonu i\u00e7in kap\u0131lar\u0131n\u0131 a\u00e7\u0131yor ve en k\u00fc\u00e7\u00fck misafirlerimizi heyecan, yarat\u0131c\u0131l\u0131k ve macera dolu bir d\u00fcnyada a\u011f\u0131rlamaya haz\u0131r! E\u011flence, kahkaha ve unutulmaz anlar d\u00fc\u015f\u00fcn\u00fclerek tamamen yeniden tasarlanan Leo Mini Club, oyunlar, aktiviteler ve keyifli s\u00fcrprizlerle dolu bir tatil vaat ediyor.<\/p>\n<p class=\"p3\">\u0130nteraktif at\u00f6lye \u00e7al\u0131\u015fmalar\u0131ndan heyecan verici a\u00e7\u0131k hava maceralar\u0131na kadar Leo Mini Club&#8217;daki her an ne\u015fe uyand\u0131rmak, yarat\u0131c\u0131l\u0131\u011fa ilham vermek ve de\u011ferli an\u0131lar yaratmak i\u00e7in tasarlanm\u0131\u015ft\u0131r. Kendini i\u015fine adam\u0131\u015f ekibimiz, \u00e7ocuklar\u0131n yeni arkada\u015flar edinebilecekleri, hayal g\u00fc\u00e7lerini ke\u015ffedebilecekleri ve tatil ruhunu sonuna kadar kucaklayabilecekleri g\u00fcvenli, ilgi \u00e7ekici ve e\u011flenceli bir ortam sa\u011fl\u0131yor!<\/p>\n<p class=\"p3\">K\u00fc\u00e7\u00fck ka\u015fifler i\u00e7in nihai hedef olan Leo Mini Club&#8217;da macera ba\u015flas\u0131n!<\/p>\n\t            <\/div>        <\/div>\t\t\t\t<\/div>\n\t\t\t\t<\/div>\n\t\t\t\t\t<\/div>\n\t\t<\/div>\n\t\t\t\t\t<\/div>\n\t\t<\/section>\n\t\t\t\t<section class=\"elementor-section elementor-top-section elementor-element elementor-element-8b3014d elementor-section-height-min-height cs-section-content-fullwidth cs-parallax-on-scroll cs_scroll_y_80 cs-animation-small-offset elementor-section-boxed elementor-section-height-default elementor-section-items-middle elementor-invisible\" data-id=\"8b3014d\" data-element_type=\"section\" data-e-type=\"section\" data-settings=\"{&quot;background_background&quot;:&quot;classic&quot;,&quot;animation&quot;:&quot;fadeInUp&quot;,&quot;animation_delay&quot;:150}\" data-cs-parallax-y=\"80\" style=\"background-image: none;\" data-cs-background-image=\"https:\/\/theplazabodrum.com\/wp-content\/uploads\/2025\/01\/leokidsclub2-scaled.webp\" data-cs-background-image-alt-text=\"\">\n\t\t\t\t\t\t\t<div class=\"elementor-background-overlay\"><\/div>\n\t\t\t\t\t\t\t<div class=\"elementor-container elementor-column-gap-no\">\n\t\t\t\t\t<div class=\"elementor-column elementor-col-100 elementor-top-column elementor-element elementor-element-5646c82 dark-color\" data-id=\"5646c82\" data-element_type=\"column\" data-e-type=\"column\">\n\t\t\t<div class=\"elementor-widget-wrap elementor-element-populated\">\n\t\t\t\t\t\t<div class=\"elementor-element elementor-element-bf795a4 elementor-widget elementor-widget-cs_title\" data-id=\"bf795a4\" data-element_type=\"widget\" data-e-type=\"widget\" data-widget_type=\"cs_title.default\">\n\t\t\t\t<div class=\"elementor-widget-container\">\n\t\t\t\t\t\n        <div class=\"cs-title-wrap text-center\">\t            <h2 class=\"cs-title\">\n\t                K\u00fc\u00e7\u00fck ka\u015fifler i\u00e7in nihai hedef olan Leo Mini Club'da macera ba\u015flas\u0131n!  \t            <\/h2>        <\/div>\t\t\t\t<\/div>\n\t\t\t\t<\/div>\n\t\t\t\t\t<\/div>\n\t\t<\/div>\n\t\t\t\t\t<\/div>\n\t\t<\/section>\n\t\t\t\t<\/div>\n\t\t","protected":false},"excerpt":{"rendered":"<p>Leo \u00c7ocuk Kul\u00fcb\u00fc E\u011flence ve Maceran\u0131n Hayat Buldu\u011fu Yer! K\u00fc\u00e7\u00fck Misafirlerimizi B\u00fcy\u00fcl\u00fc Bir Ne\u015fe D\u00fcnyas\u0131 Bekliyor! Kahkaha, ke\u015fif ve sonsuz e\u011flence dolu bir sezon i\u00e7in bize kat\u0131l\u0131n! The Plaza Bodrum Hotel Leo Mini Club 2025 sezonu i\u00e7in kap\u0131lar\u0131n\u0131 a\u00e7\u0131yor ve en k\u00fc\u00e7\u00fck misafirlerimizi heyecan, yarat\u0131c\u0131l\u0131k ve macera dolu bir d\u00fcnyada a\u011f\u0131rlamaya haz\u0131r! E\u011flence, kahkaha ve &#8230;<\/p>\n","protected":false},"author":1,"featured_media":0,"parent":0,"menu_order":0,"comment_status":"closed","ping_status":"closed","template":"template-wide-content.php","meta":{"cozystay_single_page_hide_site_header":"","cozystay_single_page_site_header_source":"","cozystay_single_page_custom_site_header":"0","cozystay_single_page_custom_sticky_site_header":"0","cozystay_single_page_hide_page_title":"","cozystay_single_page_header_section_size":"","cozystay_single_page_header_background_color":"","cozystay_single_page_header_background_position_x":"center","cozystay_single_page_header_background_position_y":"center","cozystay_single_page_header_background_size":"cover","cozystay_single_page_header_background_repeat":"off","cozystay_single_page_header_background_scroll":"on","cozystay_single_page_header_text_color":"","cozystay_single_page_header_show_breadcrumb":"","cozystay_single_page_site_footer_hide_main":"","cozystay_single_custom_site_footer_main_source":"","cozystay_single_custom_site_footer_main":"0","cozystay_single_page_site_footer_hide_above":"","cozystay_single_custom_site_footer_above_source":"","cozystay_single_custom_site_footer_above":"0","cozystay_single_page_site_footer_hide_instagram":"","cozystay_single_page_site_footer_hide_bottom":"","cozystay_single_custom_mobile_menu_source":"","cozystay_single_custom_mobile_menu":"0","cozystay_single_custom_mobile_menu_animation":"","cozystay_single_custom_mobile_menu_width":"","cozystay_single_custom_mobile_menu_custom_width":375,"footnotes":""},"class_list":["post-3804","page","type-page","status-publish","hentry"],"yoast_head":"<!-- This site is optimized with the Yoast SEO plugin v27.4 - https:\/\/yoast.com\/product\/yoast-seo-wordpress\/ -->\n<title>Leo \u00c7ocuk Kul\u00fcb\u00fc - The Plaza Bodrum<\/title>\n<meta name=\"robots\" content=\"index, follow, max-snippet:-1, max-image-preview:large, max-video-preview:-1\" \/>\n<link rel=\"canonical\" href=\"https:\/\/theplazabodrum.com\/tr\/leo-cocuk-kulubu\/\" \/>\n<meta property=\"og:locale\" content=\"tr_TR\" \/>\n<meta property=\"og:type\" content=\"article\" \/>\n<meta property=\"og:title\" content=\"Leo \u00c7ocuk Kul\u00fcb\u00fc - The Plaza Bodrum\" \/>\n<meta property=\"og:description\" content=\"Leo \u00c7ocuk Kul\u00fcb\u00fc E\u011flence ve Maceran\u0131n Hayat Buldu\u011fu Yer! K\u00fc\u00e7\u00fck Misafirlerimizi B\u00fcy\u00fcl\u00fc Bir Ne\u015fe D\u00fcnyas\u0131 Bekliyor! Kahkaha, ke\u015fif ve sonsuz e\u011flence dolu bir sezon i\u00e7in bize kat\u0131l\u0131n! The Plaza Bodrum Hotel Leo Mini Club 2025 sezonu i\u00e7in kap\u0131lar\u0131n\u0131 a\u00e7\u0131yor ve en k\u00fc\u00e7\u00fck misafirlerimizi heyecan, yarat\u0131c\u0131l\u0131k ve macera dolu bir d\u00fcnyada a\u011f\u0131rlamaya haz\u0131r! E\u011flence, kahkaha ve ...\" \/>\n<meta property=\"og:url\" content=\"https:\/\/theplazabodrum.com\/tr\/leo-cocuk-kulubu\/\" \/>\n<meta property=\"og:site_name\" content=\"The Plaza Bodrum\" \/>\n<meta property=\"article:modified_time\" content=\"2025-02-09T11:47:22+00:00\" \/>\n<meta property=\"og:image\" content=\"https:\/\/theplazabodrum.com\/wp-content\/uploads\/2025\/01\/leokidsclublogo.webp\" \/>\n\t<meta property=\"og:image:width\" content=\"1080\" \/>\n\t<meta property=\"og:image:height\" content=\"1080\" \/>\n\t<meta property=\"og:image:type\" content=\"image\/webp\" \/>\n<meta name=\"twitter:card\" content=\"summary_large_image\" \/>\n<meta name=\"twitter:label1\" content=\"Tahmini okuma s\u00fcresi\" \/>\n\t<meta name=\"twitter:data1\" content=\"1 dakika\" \/>\n<script type=\"application\/ld+json\" class=\"yoast-schema-graph\">{\"@context\":\"https:\\\/\\\/schema.org\",\"@graph\":[{\"@type\":\"WebPage\",\"@id\":\"https:\\\/\\\/theplazabodrum.com\\\/tr\\\/leo-cocuk-kulubu\\\/\",\"url\":\"https:\\\/\\\/theplazabodrum.com\\\/tr\\\/leo-cocuk-kulubu\\\/\",\"name\":\"Leo \u00c7ocuk Kul\u00fcb\u00fc - The Plaza Bodrum\",\"isPartOf\":{\"@id\":\"https:\\\/\\\/theplazabodrum.com\\\/tr\\\/#website\"},\"primaryImageOfPage\":{\"@id\":\"https:\\\/\\\/theplazabodrum.com\\\/tr\\\/leo-cocuk-kulubu\\\/#primaryimage\"},\"image\":{\"@id\":\"https:\\\/\\\/theplazabodrum.com\\\/tr\\\/leo-cocuk-kulubu\\\/#primaryimage\"},\"thumbnailUrl\":\"https:\\\/\\\/theplazabodrum.com\\\/wp-content\\\/uploads\\\/2025\\\/01\\\/leokidsclublogo.webp\",\"datePublished\":\"2025-01-19T18:59:49+00:00\",\"dateModified\":\"2025-02-09T11:47:22+00:00\",\"breadcrumb\":{\"@id\":\"https:\\\/\\\/theplazabodrum.com\\\/tr\\\/leo-cocuk-kulubu\\\/#breadcrumb\"},\"inLanguage\":\"tr\",\"potentialAction\":[{\"@type\":\"ReadAction\",\"target\":[\"https:\\\/\\\/theplazabodrum.com\\\/tr\\\/leo-cocuk-kulubu\\\/\"]}]},{\"@type\":\"ImageObject\",\"inLanguage\":\"tr\",\"@id\":\"https:\\\/\\\/theplazabodrum.com\\\/tr\\\/leo-cocuk-kulubu\\\/#primaryimage\",\"url\":\"https:\\\/\\\/theplazabodrum.com\\\/wp-content\\\/uploads\\\/2025\\\/01\\\/leokidsclublogo.webp\",\"contentUrl\":\"https:\\\/\\\/theplazabodrum.com\\\/wp-content\\\/uploads\\\/2025\\\/01\\\/leokidsclublogo.webp\"},{\"@type\":\"BreadcrumbList\",\"@id\":\"https:\\\/\\\/theplazabodrum.com\\\/tr\\\/leo-cocuk-kulubu\\\/#breadcrumb\",\"itemListElement\":[{\"@type\":\"ListItem\",\"position\":1,\"name\":\"Home\",\"item\":\"https:\\\/\\\/theplazabodrum.com\\\/tr\\\/\"},{\"@type\":\"ListItem\",\"position\":2,\"name\":\"Leo \u00c7ocuk Kul\u00fcb\u00fc\"}]},{\"@type\":\"WebSite\",\"@id\":\"https:\\\/\\\/theplazabodrum.com\\\/tr\\\/#website\",\"url\":\"https:\\\/\\\/theplazabodrum.com\\\/tr\\\/\",\"name\":\"The Plaza Bodrum\",\"description\":\"Where Luxury Meets Serenity\",\"potentialAction\":[{\"@type\":\"SearchAction\",\"target\":{\"@type\":\"EntryPoint\",\"urlTemplate\":\"https:\\\/\\\/theplazabodrum.com\\\/tr\\\/?s={search_term_string}\"},\"query-input\":{\"@type\":\"PropertyValueSpecification\",\"valueRequired\":true,\"valueName\":\"search_term_string\"}}],\"inLanguage\":\"tr\"}]}<\/script>\n<!-- \/ Yoast SEO plugin. -->","yoast_head_json":{"title":"Leo \u00c7ocuk Kul\u00fcb\u00fc - The Plaza Bodrum","robots":{"index":"index","follow":"follow","max-snippet":"max-snippet:-1","max-image-preview":"max-image-preview:large","max-video-preview":"max-video-preview:-1"},"canonical":"https:\/\/theplazabodrum.com\/tr\/leo-cocuk-kulubu\/","og_locale":"tr_TR","og_type":"article","og_title":"Leo \u00c7ocuk Kul\u00fcb\u00fc - The Plaza Bodrum","og_description":"Leo \u00c7ocuk Kul\u00fcb\u00fc E\u011flence ve Maceran\u0131n Hayat Buldu\u011fu Yer! K\u00fc\u00e7\u00fck Misafirlerimizi B\u00fcy\u00fcl\u00fc Bir Ne\u015fe D\u00fcnyas\u0131 Bekliyor! Kahkaha, ke\u015fif ve sonsuz e\u011flence dolu bir sezon i\u00e7in bize kat\u0131l\u0131n! The Plaza Bodrum Hotel Leo Mini Club 2025 sezonu i\u00e7in kap\u0131lar\u0131n\u0131 a\u00e7\u0131yor ve en k\u00fc\u00e7\u00fck misafirlerimizi heyecan, yarat\u0131c\u0131l\u0131k ve macera dolu bir d\u00fcnyada a\u011f\u0131rlamaya haz\u0131r! E\u011flence, kahkaha ve ...","og_url":"https:\/\/theplazabodrum.com\/tr\/leo-cocuk-kulubu\/","og_site_name":"The Plaza Bodrum","article_modified_time":"2025-02-09T11:47:22+00:00","og_image":[{"width":1080,"height":1080,"url":"https:\/\/theplazabodrum.com\/wp-content\/uploads\/2025\/01\/leokidsclublogo.webp","type":"image\/webp"}],"twitter_card":"summary_large_image","twitter_misc":{"Tahmini okuma s\u00fcresi":"1 dakika"},"schema":{"@context":"https:\/\/schema.org","@graph":[{"@type":"WebPage","@id":"https:\/\/theplazabodrum.com\/tr\/leo-cocuk-kulubu\/","url":"https:\/\/theplazabodrum.com\/tr\/leo-cocuk-kulubu\/","name":"Leo \u00c7ocuk Kul\u00fcb\u00fc - The Plaza Bodrum","isPartOf":{"@id":"https:\/\/theplazabodrum.com\/tr\/#website"},"primaryImageOfPage":{"@id":"https:\/\/theplazabodrum.com\/tr\/leo-cocuk-kulubu\/#primaryimage"},"image":{"@id":"https:\/\/theplazabodrum.com\/tr\/leo-cocuk-kulubu\/#primaryimage"},"thumbnailUrl":"https:\/\/theplazabodrum.com\/wp-content\/uploads\/2025\/01\/leokidsclublogo.webp","datePublished":"2025-01-19T18:59:49+00:00","dateModified":"2025-02-09T11:47:22+00:00","breadcrumb":{"@id":"https:\/\/theplazabodrum.com\/tr\/leo-cocuk-kulubu\/#breadcrumb"},"inLanguage":"tr","potentialAction":[{"@type":"ReadAction","target":["https:\/\/theplazabodrum.com\/tr\/leo-cocuk-kulubu\/"]}]},{"@type":"ImageObject","inLanguage":"tr","@id":"https:\/\/theplazabodrum.com\/tr\/leo-cocuk-kulubu\/#primaryimage","url":"https:\/\/theplazabodrum.com\/wp-content\/uploads\/2025\/01\/leokidsclublogo.webp","contentUrl":"https:\/\/theplazabodrum.com\/wp-content\/uploads\/2025\/01\/leokidsclublogo.webp"},{"@type":"BreadcrumbList","@id":"https:\/\/theplazabodrum.com\/tr\/leo-cocuk-kulubu\/#breadcrumb","itemListElement":[{"@type":"ListItem","position":1,"name":"Home","item":"https:\/\/theplazabodrum.com\/tr\/"},{"@type":"ListItem","position":2,"name":"Leo \u00c7ocuk Kul\u00fcb\u00fc"}]},{"@type":"WebSite","@id":"https:\/\/theplazabodrum.com\/tr\/#website","url":"https:\/\/theplazabodrum.com\/tr\/","name":"The Plaza Bodrum","description":"Where Luxury Meets Serenity","potentialAction":[{"@type":"SearchAction","target":{"@type":"EntryPoint","urlTemplate":"https:\/\/theplazabodrum.com\/tr\/?s={search_term_string}"},"query-input":{"@type":"PropertyValueSpecification","valueRequired":true,"valueName":"search_term_string"}}],"inLanguage":"tr"}]}},"_links":{"self":[{"href":"https:\/\/theplazabodrum.com\/tr\/wp-json\/wp\/v2\/pages\/3804","targetHints":{"allow":["GET"]}}],"collection":[{"href":"https:\/\/theplazabodrum.com\/tr\/wp-json\/wp\/v2\/pages"}],"about":[{"href":"https:\/\/theplazabodrum.com\/tr\/wp-json\/wp\/v2\/types\/page"}],"author":[{"embeddable":true,"href":"https:\/\/theplazabodrum.com\/tr\/wp-json\/wp\/v2\/users\/1"}],"replies":[{"embeddable":true,"href":"https:\/\/theplazabodrum.com\/tr\/wp-json\/wp\/v2\/comments?post=3804"}],"version-history":[{"count":1,"href":"https:\/\/theplazabodrum.com\/tr\/wp-json\/wp\/v2\/pages\/3804\/revisions"}],"predecessor-version":[{"id":3807,"href":"https:\/\/theplazabodrum.com\/tr\/wp-json\/wp\/v2\/pages\/3804\/revisions\/3807"}],"wp:attachment":[{"href":"https:\/\/theplazabodrum.com\/tr\/wp-json\/wp\/v2\/media?parent=3804"}],"curies":[{"name":"wp","href":"https:\/\/api.w.org\/{rel}","templated":true}]}}