{"id":3827,"date":"2024-11-19T13:25:29","date_gmt":"2024-11-19T10:25:29","guid":{"rendered":"https:\/\/theplazabodrum.com\/gizlilik-politikasi\/"},"modified":"2025-02-09T14:47:27","modified_gmt":"2025-02-09T11:47:27","slug":"gizlilik-politikasi","status":"publish","type":"page","link":"https:\/\/theplazabodrum.com\/tr\/gizlilik-politikasi\/","title":{"rendered":"Gizlilik Politikas\u0131"},"content":{"rendered":"\t\t<div data-elementor-type=\"wp-page\" data-elementor-id=\"3827\" class=\"elementor elementor-3827 elementor-3\" data-elementor-post-type=\"page\">\n\t\t\t\t<div class=\"elementor-element elementor-element-12a98bd e-flex e-con-boxed e-con e-parent\" data-id=\"12a98bd\" data-element_type=\"container\" data-e-type=\"container\">\n\t\t\t\t\t<div class=\"e-con-inner\">\n\t\t\t\t<div class=\"elementor-element elementor-element-5681b878 elementor-widget elementor-widget-text-editor\" data-id=\"5681b878\" data-element_type=\"widget\" data-e-type=\"widget\" data-widget_type=\"text-editor.default\">\n\t\t\t\t<div class=\"elementor-widget-container\">\n\t\t\t\t\t\t\t\t\t\n<p><strong>The Plaza Bodrum i\u00e7in Gizlilik Politikas\u0131<\/strong><\/p>\n\n\n\n<p><strong>Y\u00fcr\u00fcrl\u00fck Tarihi:<\/strong> 2024<\/p>\n\n\n\n<p>The Plaza Bodrum gizlili\u011finize de\u011fer verir ve ki\u015fisel verilerinizi korumay\u0131 taahh\u00fct eder. Bu Gizlilik Politikas\u0131, bizimle payla\u015ft\u0131\u011f\u0131n\u0131z bilgileri nas\u0131l toplad\u0131\u011f\u0131m\u0131z\u0131, kulland\u0131\u011f\u0131m\u0131z\u0131 ve korudu\u011fumuzu \u00f6zetlemektedir. <\/p>\n\n\n\n<p><strong>1. Toplad\u0131\u011f\u0131m\u0131z Bilgiler<\/strong><\/p>\n\n\n\n<p>A\u015fa\u011f\u0131daki bilgi t\u00fcrlerini toplayabiliriz:<\/p>\n\n\n\n<p>&#8211; <strong>Ki\u015fisel Bilgiler:<\/strong> Rezervasyon ve check-in ama\u00e7lar\u0131 i\u00e7in ad, e-posta adresi, telefon numaras\u0131, \u00f6deme bilgileri ve kimlik belgeleri.<\/p>\n\n\n\n<p>&#8211; <strong>Demografik Bilgiler:<\/strong> Deneyiminizi geli\u015ftirmek i\u00e7in tercihler, diyet k\u0131s\u0131tlamalar\u0131 ve \u00f6zel istekler.<\/p>\n\n\n\n<p>&#8211; <strong>Kullan\u0131m Verileri:<\/strong> IP adresi, taray\u0131c\u0131 t\u00fcr\u00fc ve tarama davran\u0131\u015f\u0131 dahil olmak \u00fczere web sitemiz ve hizmetlerimizle nas\u0131l etkile\u015fimde bulundu\u011funuzla ilgili bilgiler.<\/p>\n\n\n\n<p>&#8211; <strong>\u00c7erezler:<\/strong> Analitik, ki\u015fiselle\u015ftirme ve web sitemizdeki deneyiminizi geli\u015ftirmek i\u00e7in.<\/p>\n\n\n\n<p><strong>2. Bilgilerinizi Nas\u0131l Kullan\u0131yoruz<\/strong><\/p>\n\n\n\n<p>Verilerinizi a\u015fa\u011f\u0131daki ama\u00e7lar i\u00e7in kullan\u0131yoruz:<\/p>\n\n\n\n<p>&#8211; Rezervasyonlar\u0131 ve \u00f6demeleri i\u015flemek i\u00e7in.<\/p>\n\n\n\n<p>&#8211; Konaklaman\u0131z\u0131 tercihlerinize g\u00f6re \u00f6zelle\u015ftirmek i\u00e7in.<\/p>\n\n\n\n<p>&#8211; Konaklaman\u0131zla ilgili \u00f6nemli g\u00fcncellemeleri veya teklifleri iletmek i\u00e7in.<\/p>\n\n\n\n<p>&#8211; Yasal y\u00fck\u00fcml\u00fcl\u00fcklere uymak ve g\u00fcvenli\u011fi art\u0131rmak i\u00e7in.<\/p>\n\n\n\n<p><strong>3. Bilgilerinizin Payla\u015f\u0131lmas\u0131<\/strong><\/p>\n\n\n\n<p>Ki\u015fisel bilgilerinizi satm\u0131yoruz. Ancak, verilerinizi payla\u015fabiliriz: <\/p>\n\n\n\n<p>&#8211; G\u00fcvenilir hizmet sa\u011flay\u0131c\u0131larla (\u00f6rn. \u00f6deme i\u015flemcileri, \u00fc\u00e7\u00fcnc\u00fc taraf rezervasyon sistemleri).<\/p>\n\n\n\n<p>&#8211; Yasal gerekliliklere uymak veya hizmet \u015fartlar\u0131m\u0131z\u0131 uygulamak i\u00e7in.<\/p>\n\n\n\n<p><strong>4. Veri Saklama<\/strong><\/p>\n\n\n\n<p>Ki\u015fisel verilerinizi, bu politikada belirtilen ama\u00e7lar\u0131 yerine getirmek i\u00e7in gerekli oldu\u011fu s\u00fcrece veya yasalar\u0131n gerektirdi\u011fi \u015fekilde saklar\u0131z.<\/p>\n\n\n\n<p><strong>5. Gizlilik Haklar\u0131n\u0131z<\/strong><\/p>\n\n\n\n<p>Bulundu\u011funuz yere ba\u011fl\u0131 olarak, \u015fu haklara sahip olabilirsiniz:<\/p>\n\n\n\n<p>&#8211; Ki\u015fisel verilerinize eri\u015febilir, bunlar\u0131 d\u00fczeltebilir veya silebilirsiniz.<\/p>\n\n\n\n<p>&#8211; Belirli veri i\u015flemlerini k\u0131s\u0131tlama veya bunlara itiraz etme.<\/p>\n\n\n\n<p>&#8211; Uygun oldu\u011fu durumlarda veri toplama iznini geri \u00e7ekin.<\/p>\n\n\n\n<p>Haklar\u0131n\u0131z\u0131 kullanmak i\u00e7in l\u00fctfen <strong>info@theplazabodrum.com<\/strong> adresinden bizimle ileti\u015fime ge\u00e7in.<\/p>\n\n\n\n<p><strong>6. G\u00fcvenlik \u00d6nlemleri<\/strong><\/p>\n\n\n\n<p>Bilgilerinizi korumak i\u00e7in \u015fifreli ileti\u015fim, g\u00fcvenlik duvarlar\u0131 ve g\u00fcvenli sunucular dahil olmak \u00fczere geli\u015fmi\u015f g\u00fcvenlik protokolleri uyguluyoruz.<\/p>\n\n\n\n<p><strong>7. Bu Politikadaki G\u00fcncellemeler<\/strong><\/p>\n\n\n\n<p>Bu Gizlilik Politikas\u0131 periyodik olarak g\u00fcncellenebilir. De\u011fi\u015fiklikler web sitemizde yay\u0131nlanacak ve \u00f6nemli g\u00fcncellemeler do\u011frudan size iletilecektir. <\/p>\n\n\n\n<p><strong>8. Bize Ula\u015f\u0131n<\/strong><\/p>\n\n\n\n<p>Bu Gizlilik Politikas\u0131 hakk\u0131nda herhangi bir sorunuz veya endi\u015feniz varsa, l\u00fctfen bizimle \u015fu adresten ileti\u015fime ge\u00e7in:<\/p>\n\n\n\n<p><strong>The Plaza Bodrum<\/strong><\/p>\n\n\n\n<p><strong>E-posta:<\/strong> <a href=\"mailto:info@theplazabodrum.com\">info@theplazabodrum.com<\/a><\/p>\n\n\n\n<p><strong>Telefon numaras\u0131:<\/strong> <a href=\"tel:+902525300021\">+90 252 530 00 21<\/a><\/p>\n\n\n\n<p><strong>Adres<\/strong> <a href=\"https:\/\/maps.app.goo.gl\/hp1scUS3pcxFQFVL7\" target=\"_blank\" rel=\"noreferrer noopener\">ZEYTI\u0307NLI\u0307KAHVE MEVKI\u0307I\u0307, HERODOT BULVARI, 48400 BODRUM\/MU\u011eLA<\/a><br><br><\/p>\n\t\t\t\t\t\t\t\t<\/div>\n\t\t\t\t<\/div>\n\t\t\t\t\t<\/div>\n\t\t\t\t<\/div>\n\t\t\t\t<\/div>\n\t\t","protected":false},"excerpt":{"rendered":"<p>The Plaza Bodrum i\u00e7in Gizlilik Politikas\u0131 Y\u00fcr\u00fcrl\u00fck Tarihi: 2024 The Plaza Bodrum gizlili\u011finize de\u011fer verir ve ki\u015fisel verilerinizi korumay\u0131 taahh\u00fct eder. Bu Gizlilik Politikas\u0131, bizimle payla\u015ft\u0131\u011f\u0131n\u0131z bilgileri nas\u0131l toplad\u0131\u011f\u0131m\u0131z\u0131, kulland\u0131\u011f\u0131m\u0131z\u0131 ve korudu\u011fumuzu \u00f6zetlemektedir. 1. Toplad\u0131\u011f\u0131m\u0131z Bilgiler A\u015fa\u011f\u0131daki bilgi t\u00fcrlerini toplayabiliriz: &#8211; Ki\u015fisel Bilgiler: Rezervasyon ve check-in ama\u00e7lar\u0131 i\u00e7in ad, e-posta adresi, telefon numaras\u0131, \u00f6deme bilgileri &#8230;<\/p>\n","protected":false},"author":1,"featured_media":0,"parent":0,"menu_order":0,"comment_status":"closed","ping_status":"open","template":"template-fullwidth.php","meta":{"cozystay_single_page_hide_site_header":"","cozystay_single_page_site_header_source":"","cozystay_single_page_custom_site_header":"0","cozystay_single_page_custom_sticky_site_header":"0","cozystay_single_page_hide_page_title":"","cozystay_single_page_header_section_size":"","cozystay_single_page_header_background_color":"","cozystay_single_page_header_background_position_x":"center","cozystay_single_page_header_background_position_y":"center","cozystay_single_page_header_background_size":"cover","cozystay_single_page_header_background_repeat":"off","cozystay_single_page_header_background_scroll":"on","cozystay_single_page_header_text_color":"","cozystay_single_page_header_show_breadcrumb":"","cozystay_single_page_site_footer_hide_main":"","cozystay_single_custom_site_footer_main_source":"","cozystay_single_custom_site_footer_main":"0","cozystay_single_page_site_footer_hide_above":"","cozystay_single_custom_site_footer_above_source":"","cozystay_single_custom_site_footer_above":"0","cozystay_single_page_site_footer_hide_instagram":"","cozystay_single_page_site_footer_hide_bottom":"","cozystay_single_custom_mobile_menu_source":"","cozystay_single_custom_mobile_menu":"0","cozystay_single_custom_mobile_menu_animation":"","cozystay_single_custom_mobile_menu_width":"","cozystay_single_custom_mobile_menu_custom_width":375,"footnotes":""},"class_list":["post-3827","page","type-page","status-publish","hentry"],"yoast_head":"<!-- This site is optimized with the Yoast SEO plugin v27.4 - https:\/\/yoast.com\/product\/yoast-seo-wordpress\/ -->\n<title>Gizlilik Politikas\u0131 - The Plaza Bodrum<\/title>\n<meta name=\"robots\" content=\"index, follow, max-snippet:-1, max-image-preview:large, max-video-preview:-1\" \/>\n<link rel=\"canonical\" href=\"https:\/\/theplazabodrum.com\/tr\/gizlilik-politikasi\/\" \/>\n<meta property=\"og:locale\" content=\"tr_TR\" \/>\n<meta property=\"og:type\" content=\"article\" \/>\n<meta property=\"og:title\" content=\"Gizlilik Politikas\u0131 - The Plaza Bodrum\" \/>\n<meta property=\"og:description\" content=\"The Plaza Bodrum i\u00e7in Gizlilik Politikas\u0131 Y\u00fcr\u00fcrl\u00fck Tarihi: 2024 The Plaza Bodrum gizlili\u011finize de\u011fer verir ve ki\u015fisel verilerinizi korumay\u0131 taahh\u00fct eder. Bu Gizlilik Politikas\u0131, bizimle payla\u015ft\u0131\u011f\u0131n\u0131z bilgileri nas\u0131l toplad\u0131\u011f\u0131m\u0131z\u0131, kulland\u0131\u011f\u0131m\u0131z\u0131 ve korudu\u011fumuzu \u00f6zetlemektedir. 1. Toplad\u0131\u011f\u0131m\u0131z Bilgiler A\u015fa\u011f\u0131daki bilgi t\u00fcrlerini toplayabiliriz: &#8211; Ki\u015fisel Bilgiler: Rezervasyon ve check-in ama\u00e7lar\u0131 i\u00e7in ad, e-posta adresi, telefon numaras\u0131, \u00f6deme bilgileri ...\" \/>\n<meta property=\"og:url\" content=\"https:\/\/theplazabodrum.com\/tr\/gizlilik-politikasi\/\" \/>\n<meta property=\"og:site_name\" content=\"The Plaza Bodrum\" \/>\n<meta property=\"article:modified_time\" content=\"2025-02-09T11:47:27+00:00\" \/>\n<meta name=\"twitter:card\" content=\"summary_large_image\" \/>\n<meta name=\"twitter:label1\" content=\"Tahmini okuma s\u00fcresi\" \/>\n\t<meta name=\"twitter:data1\" content=\"2 dakika\" \/>\n<script type=\"application\/ld+json\" class=\"yoast-schema-graph\">{\"@context\":\"https:\\\/\\\/schema.org\",\"@graph\":[{\"@type\":\"WebPage\",\"@id\":\"https:\\\/\\\/theplazabodrum.com\\\/tr\\\/gizlilik-politikasi\\\/\",\"url\":\"https:\\\/\\\/theplazabodrum.com\\\/tr\\\/gizlilik-politikasi\\\/\",\"name\":\"Gizlilik Politikas\u0131 - The Plaza Bodrum\",\"isPartOf\":{\"@id\":\"https:\\\/\\\/theplazabodrum.com\\\/tr\\\/#website\"},\"datePublished\":\"2024-11-19T10:25:29+00:00\",\"dateModified\":\"2025-02-09T11:47:27+00:00\",\"breadcrumb\":{\"@id\":\"https:\\\/\\\/theplazabodrum.com\\\/tr\\\/gizlilik-politikasi\\\/#breadcrumb\"},\"inLanguage\":\"tr\",\"potentialAction\":[{\"@type\":\"ReadAction\",\"target\":[\"https:\\\/\\\/theplazabodrum.com\\\/tr\\\/gizlilik-politikasi\\\/\"]}]},{\"@type\":\"BreadcrumbList\",\"@id\":\"https:\\\/\\\/theplazabodrum.com\\\/tr\\\/gizlilik-politikasi\\\/#breadcrumb\",\"itemListElement\":[{\"@type\":\"ListItem\",\"position\":1,\"name\":\"Home\",\"item\":\"https:\\\/\\\/theplazabodrum.com\\\/tr\\\/\"},{\"@type\":\"ListItem\",\"position\":2,\"name\":\"Gizlilik Politikas\u0131\"}]},{\"@type\":\"WebSite\",\"@id\":\"https:\\\/\\\/theplazabodrum.com\\\/tr\\\/#website\",\"url\":\"https:\\\/\\\/theplazabodrum.com\\\/tr\\\/\",\"name\":\"The Plaza Bodrum\",\"description\":\"Where Luxury Meets Serenity\",\"potentialAction\":[{\"@type\":\"SearchAction\",\"target\":{\"@type\":\"EntryPoint\",\"urlTemplate\":\"https:\\\/\\\/theplazabodrum.com\\\/tr\\\/?s={search_term_string}\"},\"query-input\":{\"@type\":\"PropertyValueSpecification\",\"valueRequired\":true,\"valueName\":\"search_term_string\"}}],\"inLanguage\":\"tr\"}]}<\/script>\n<!-- \/ Yoast SEO plugin. -->","yoast_head_json":{"title":"Gizlilik Politikas\u0131 - The Plaza Bodrum","robots":{"index":"index","follow":"follow","max-snippet":"max-snippet:-1","max-image-preview":"max-image-preview:large","max-video-preview":"max-video-preview:-1"},"canonical":"https:\/\/theplazabodrum.com\/tr\/gizlilik-politikasi\/","og_locale":"tr_TR","og_type":"article","og_title":"Gizlilik Politikas\u0131 - The Plaza Bodrum","og_description":"The Plaza Bodrum i\u00e7in Gizlilik Politikas\u0131 Y\u00fcr\u00fcrl\u00fck Tarihi: 2024 The Plaza Bodrum gizlili\u011finize de\u011fer verir ve ki\u015fisel verilerinizi korumay\u0131 taahh\u00fct eder. Bu Gizlilik Politikas\u0131, bizimle payla\u015ft\u0131\u011f\u0131n\u0131z bilgileri nas\u0131l toplad\u0131\u011f\u0131m\u0131z\u0131, kulland\u0131\u011f\u0131m\u0131z\u0131 ve korudu\u011fumuzu \u00f6zetlemektedir. 1. Toplad\u0131\u011f\u0131m\u0131z Bilgiler A\u015fa\u011f\u0131daki bilgi t\u00fcrlerini toplayabiliriz: &#8211; Ki\u015fisel Bilgiler: Rezervasyon ve check-in ama\u00e7lar\u0131 i\u00e7in ad, e-posta adresi, telefon numaras\u0131, \u00f6deme bilgileri ...","og_url":"https:\/\/theplazabodrum.com\/tr\/gizlilik-politikasi\/","og_site_name":"The Plaza Bodrum","article_modified_time":"2025-02-09T11:47:27+00:00","twitter_card":"summary_large_image","twitter_misc":{"Tahmini okuma s\u00fcresi":"2 dakika"},"schema":{"@context":"https:\/\/schema.org","@graph":[{"@type":"WebPage","@id":"https:\/\/theplazabodrum.com\/tr\/gizlilik-politikasi\/","url":"https:\/\/theplazabodrum.com\/tr\/gizlilik-politikasi\/","name":"Gizlilik Politikas\u0131 - The Plaza Bodrum","isPartOf":{"@id":"https:\/\/theplazabodrum.com\/tr\/#website"},"datePublished":"2024-11-19T10:25:29+00:00","dateModified":"2025-02-09T11:47:27+00:00","breadcrumb":{"@id":"https:\/\/theplazabodrum.com\/tr\/gizlilik-politikasi\/#breadcrumb"},"inLanguage":"tr","potentialAction":[{"@type":"ReadAction","target":["https:\/\/theplazabodrum.com\/tr\/gizlilik-politikasi\/"]}]},{"@type":"BreadcrumbList","@id":"https:\/\/theplazabodrum.com\/tr\/gizlilik-politikasi\/#breadcrumb","itemListElement":[{"@type":"ListItem","position":1,"name":"Home","item":"https:\/\/theplazabodrum.com\/tr\/"},{"@type":"ListItem","position":2,"name":"Gizlilik Politikas\u0131"}]},{"@type":"WebSite","@id":"https:\/\/theplazabodrum.com\/tr\/#website","url":"https:\/\/theplazabodrum.com\/tr\/","name":"The Plaza Bodrum","description":"Where Luxury Meets Serenity","potentialAction":[{"@type":"SearchAction","target":{"@type":"EntryPoint","urlTemplate":"https:\/\/theplazabodrum.com\/tr\/?s={search_term_string}"},"query-input":{"@type":"PropertyValueSpecification","valueRequired":true,"valueName":"search_term_string"}}],"inLanguage":"tr"}]}},"_links":{"self":[{"href":"https:\/\/theplazabodrum.com\/tr\/wp-json\/wp\/v2\/pages\/3827","targetHints":{"allow":["GET"]}}],"collection":[{"href":"https:\/\/theplazabodrum.com\/tr\/wp-json\/wp\/v2\/pages"}],"about":[{"href":"https:\/\/theplazabodrum.com\/tr\/wp-json\/wp\/v2\/types\/page"}],"author":[{"embeddable":true,"href":"https:\/\/theplazabodrum.com\/tr\/wp-json\/wp\/v2\/users\/1"}],"replies":[{"embeddable":true,"href":"https:\/\/theplazabodrum.com\/tr\/wp-json\/wp\/v2\/comments?post=3827"}],"version-history":[{"count":3,"href":"https:\/\/theplazabodrum.com\/tr\/wp-json\/wp\/v2\/pages\/3827\/revisions"}],"predecessor-version":[{"id":3831,"href":"https:\/\/theplazabodrum.com\/tr\/wp-json\/wp\/v2\/pages\/3827\/revisions\/3831"}],"wp:attachment":[{"href":"https:\/\/theplazabodrum.com\/tr\/wp-json\/wp\/v2\/media?parent=3827"}],"curies":[{"name":"wp","href":"https:\/\/api.w.org\/{rel}","templated":true}]}}