{"id":4660,"date":"2023-03-28T04:41:51","date_gmt":"2023-03-28T01:41:51","guid":{"rendered":"https:\/\/theplazabodrum.com\/tum-menuler\/"},"modified":"2025-04-21T12:59:17","modified_gmt":"2025-04-21T09:59:17","slug":"tum-menuler","status":"publish","type":"page","link":"https:\/\/theplazabodrum.com\/tr\/tum-menuler\/","title":{"rendered":"T\u00fcm Men\u00fcler"},"content":{"rendered":"\t\t<div data-elementor-type=\"wp-page\" data-elementor-id=\"4660\" class=\"elementor elementor-4660 elementor-271\" data-elementor-post-type=\"page\">\n\t\t\t\t\t\t<section class=\"elementor-section elementor-top-section elementor-element elementor-element-6e1c050c elementor-section-height-min-height cs-section-content-fullwidth cs-parallax-on-scroll cs_scroll_y_80 elementor-section-boxed elementor-section-height-default elementor-section-items-middle\" data-id=\"6e1c050c\" data-element_type=\"section\" data-e-type=\"section\" data-settings=\"{&quot;background_background&quot;:&quot;classic&quot;}\" data-cs-parallax-y=\"80\" style=\"background-image: none;\" data-cs-background-image=\"https:\/\/cozystay.loftocean.com\/apartment\/wp-content\/uploads\/sites\/6\/2023\/04\/toomas-tartes-41gqn1q-tqc-unsplash.jpg\" data-cs-background-image-alt-text=\"\">\n\t\t\t\t\t\t\t<div class=\"elementor-background-overlay\"><\/div>\n\t\t\t\t\t\t\t<div class=\"elementor-container elementor-column-gap-no\">\n\t\t\t\t\t<div class=\"elementor-column elementor-col-50 elementor-top-column elementor-element elementor-element-a3b7434 dark-color\" data-id=\"a3b7434\" data-element_type=\"column\" data-e-type=\"column\">\n\t\t\t<div class=\"elementor-widget-wrap elementor-element-populated\">\n\t\t\t\t\t\t<div class=\"elementor-element elementor-element-9d02694 elementor-align-center elementor-widget elementor-widget-cs_button\" data-id=\"9d02694\" data-element_type=\"widget\" data-e-type=\"widget\" data-widget_type=\"cs_button.default\">\n\t\t\t\t<div class=\"elementor-widget-container\">\n\t\t\t\t\t        <a href=\"https:\/\/theplazabodrum.com\/all-menus\/privee-beach-snack-restaurant\/\" class=\"elementor-button-link button\" role=\"button\">\n            <span class=\"cs-btn-text\">PRIVEE SNACK RESTORAN MEN\u00dcS\u00dc<\/span>        <\/a>\t\t\t\t<\/div>\n\t\t\t\t<\/div>\n\t\t\t\t<div class=\"elementor-element elementor-element-7f3c6d1 elementor-align-center elementor-widget elementor-widget-cs_button\" data-id=\"7f3c6d1\" data-element_type=\"widget\" data-e-type=\"widget\" data-widget_type=\"cs_button.default\">\n\t\t\t\t<div class=\"elementor-widget-container\">\n\t\t\t\t\t        <a href=\"https:\/\/theplazabodrum.com\/all-menus\/prime-cut\/\" class=\"elementor-button-link button\" role=\"button\">\n            <span class=\"cs-btn-text\">PRIME CUT MEN\u00dc<\/span>        <\/a>\t\t\t\t<\/div>\n\t\t\t\t<\/div>\n\t\t\t\t<div class=\"elementor-element elementor-element-c7d150e elementor-align-center elementor-widget elementor-widget-cs_button\" data-id=\"c7d150e\" data-element_type=\"widget\" data-e-type=\"widget\" data-widget_type=\"cs_button.default\">\n\t\t\t\t<div class=\"elementor-widget-container\">\n\t\t\t\t\t        <a href=\"https:\/\/theplazabodrum.com\/all-menus\/savory\/\" class=\"elementor-button-link button\" role=\"button\">\n            <span class=\"cs-btn-text\">SAVORY MEN\u00dcS\u00dc<\/span>        <\/a>\t\t\t\t<\/div>\n\t\t\t\t<\/div>\n\t\t\t\t<div class=\"elementor-element elementor-element-14427c3 elementor-align-center elementor-widget elementor-widget-cs_button\" data-id=\"14427c3\" data-element_type=\"widget\" data-e-type=\"widget\" data-widget_type=\"cs_button.default\">\n\t\t\t\t<div class=\"elementor-widget-container\">\n\t\t\t\t\t        <a href=\"https:\/\/theplazabodrum.com\/all-menus\/casa-italian-alacarte-breakfast\/\" class=\"elementor-button-link button\" role=\"button\">\n            <span class=\"cs-btn-text\">CASA ITALIAN ALACARTE KAHVALTI MEN\u00dcS\u00dc<\/span>        <\/a>\t\t\t\t<\/div>\n\t\t\t\t<\/div>\n\t\t\t\t<div class=\"elementor-element elementor-element-8f98ce8 elementor-align-center elementor-widget elementor-widget-cs_button\" data-id=\"8f98ce8\" data-element_type=\"widget\" data-e-type=\"widget\" data-widget_type=\"cs_button.default\">\n\t\t\t\t<div class=\"elementor-widget-container\">\n\t\t\t\t\t        <a href=\"https:\/\/theplazabodrum.com\/all-menus\/casa-italian-alacarte-dinner\/\" class=\"elementor-button-link button\" role=\"button\">\n            <span class=\"cs-btn-text\">CASA ITALIAN ALACARTE AK\u015eAM YEME\u011eI\u0307 MEN\u00dcS\u00dc<\/span>        <\/a>\t\t\t\t<\/div>\n\t\t\t\t<\/div>\n\t\t\t\t<div class=\"elementor-element elementor-element-bd69193 elementor-align-center elementor-widget elementor-widget-cs_button\" data-id=\"bd69193\" data-element_type=\"widget\" data-e-type=\"widget\" data-widget_type=\"cs_button.default\">\n\t\t\t\t<div class=\"elementor-widget-container\">\n\t\t\t\t\t        <a href=\"https:\/\/theplazabodrum.com\/all-menus\/catch-fish-restaurant\/\" class=\"elementor-button-link button\" role=\"button\">\n            <span class=\"cs-btn-text\">CATCH BALIK MEN\u00dcS\u00dc<\/span>        <\/a>\t\t\t\t<\/div>\n\t\t\t\t<\/div>\n\t\t\t\t<div class=\"elementor-element elementor-element-a60a841 elementor-align-center elementor-widget elementor-widget-cs_button\" data-id=\"a60a841\" data-element_type=\"widget\" data-e-type=\"widget\" data-widget_type=\"cs_button.default\">\n\t\t\t\t<div class=\"elementor-widget-container\">\n\t\t\t\t\t        <a href=\"https:\/\/theplazabodrum.com\/all-menus\/jade-set\/\" class=\"elementor-button-link button\" role=\"button\">\n            <span class=\"cs-btn-text\">YE\u015eI\u0307M SETI\u0307 MEN\u00dcS\u00dc<\/span>        <\/a>\t\t\t\t<\/div>\n\t\t\t\t<\/div>\n\t\t\t\t\t<\/div>\n\t\t<\/div>\n\t\t\t\t<div class=\"elementor-column elementor-col-50 elementor-top-column elementor-element elementor-element-26251de dark-color\" data-id=\"26251de\" data-element_type=\"column\" data-e-type=\"column\">\n\t\t\t<div class=\"elementor-widget-wrap elementor-element-populated\">\n\t\t\t\t\t\t<div class=\"elementor-element elementor-element-c0dc78d elementor-align-center elementor-widget elementor-widget-cs_button\" data-id=\"c0dc78d\" data-element_type=\"widget\" data-e-type=\"widget\" data-widget_type=\"cs_button.default\">\n\t\t\t\t<div class=\"elementor-widget-container\">\n\t\t\t\t\t        <a href=\"https:\/\/theplazabodrum.com\/all-menus\/zaatar-dinner\/\" class=\"elementor-button-link button\" role=\"button\">\n            <span class=\"cs-btn-text\">ZAATAR AK\u015eAM YEME\u011eI\u0307 MEN\u00dcS\u00dc<\/span>        <\/a>\t\t\t\t<\/div>\n\t\t\t\t<\/div>\n\t\t\t\t<div class=\"elementor-element elementor-element-55524ac elementor-align-center elementor-widget elementor-widget-cs_button\" data-id=\"55524ac\" data-element_type=\"widget\" data-e-type=\"widget\" data-widget_type=\"cs_button.default\">\n\t\t\t\t<div class=\"elementor-widget-container\">\n\t\t\t\t\t        <a href=\"https:\/\/theplazabodrum.com\/all-menus\/zaatar-light-snack\/\" class=\"elementor-button-link button\" role=\"button\">\n            <span class=\"cs-btn-text\">ZAATAR HAFI\u0307F ATI\u015eTIRMALIK<\/span>        <\/a>\t\t\t\t<\/div>\n\t\t\t\t<\/div>\n\t\t\t\t<div class=\"elementor-element elementor-element-2a1e04d elementor-align-center elementor-widget elementor-widget-cs_button\" data-id=\"2a1e04d\" data-element_type=\"widget\" data-e-type=\"widget\" data-widget_type=\"cs_button.default\">\n\t\t\t\t<div class=\"elementor-widget-container\">\n\t\t\t\t\t        <a href=\"https:\/\/theplazabodrum.com\/all-menus\/zaatar-snack-restaurant\/\" class=\"elementor-button-link button\" role=\"button\">\n            <span class=\"cs-btn-text\">ZAATAR SNACK RESTORAN MEN\u00dcS\u00dc<\/span>        <\/a>\t\t\t\t<\/div>\n\t\t\t\t<\/div>\n\t\t\t\t<div class=\"elementor-element elementor-element-08f9dbc elementor-align-center elementor-widget elementor-widget-cs_button\" data-id=\"08f9dbc\" data-element_type=\"widget\" data-e-type=\"widget\" data-widget_type=\"cs_button.default\">\n\t\t\t\t<div class=\"elementor-widget-container\">\n\t\t\t\t\t        <a href=\"https:\/\/theplazabodrum.com\/all-menus\/coffee-based-drinks\/\" class=\"elementor-button-link button\" role=\"button\">\n            <span class=\"cs-btn-text\">Kahve Bazl\u0131 \u0130\u00e7ecekler<\/span>        <\/a>\t\t\t\t<\/div>\n\t\t\t\t<\/div>\n\t\t\t\t<div class=\"elementor-element elementor-element-70b3ac3 elementor-align-center elementor-widget elementor-widget-cs_button\" data-id=\"70b3ac3\" data-element_type=\"widget\" data-e-type=\"widget\" data-widget_type=\"cs_button.default\">\n\t\t\t\t<div class=\"elementor-widget-container\">\n\t\t\t\t\t        <a href=\"https:\/\/theplazabodrum.com\/all-menus\/non-alcoholic-beverages\/\" class=\"elementor-button-link button\" role=\"button\">\n            <span class=\"cs-btn-text\">Alkols\u00fcz \u0130\u00e7ecekler<\/span>        <\/a>\t\t\t\t<\/div>\n\t\t\t\t<\/div>\n\t\t\t\t<div class=\"elementor-element elementor-element-182ec70 elementor-align-center elementor-widget elementor-widget-cs_button\" data-id=\"182ec70\" data-element_type=\"widget\" data-e-type=\"widget\" data-widget_type=\"cs_button.default\">\n\t\t\t\t<div class=\"elementor-widget-container\">\n\t\t\t\t\t        <a href=\"https:\/\/theplazabodrum.com\/all-menus\/cocktails-and-alcoholic-beverages\/\" class=\"elementor-button-link button\" role=\"button\">\n            <span class=\"cs-btn-text\">Kokteyller ve Alkoll\u00fc \u0130\u00e7ecekler<\/span>        <\/a>\t\t\t\t<\/div>\n\t\t\t\t<\/div>\n\t\t\t\t<div class=\"elementor-element elementor-element-e94d518 elementor-align-center elementor-widget elementor-widget-cs_button\" data-id=\"e94d518\" data-element_type=\"widget\" data-e-type=\"widget\" data-widget_type=\"cs_button.default\">\n\t\t\t\t<div class=\"elementor-widget-container\">\n\t\t\t\t\t        <a href=\"https:\/\/theplazabodrum.com\/all-menus\/wine\/\" class=\"elementor-button-link button\" role=\"button\">\n            <span class=\"cs-btn-text\">\u015earap<\/span>        <\/a>\t\t\t\t<\/div>\n\t\t\t\t<\/div>\n\t\t\t\t\t<\/div>\n\t\t<\/div>\n\t\t\t\t\t<\/div>\n\t\t<\/section>\n\t\t\t\t<\/div>\n\t\t","protected":false},"excerpt":{"rendered":"<p>PRIVEE SNACK RESTORAN MEN\u00dcS\u00dc PRIME CUT MEN\u00dc SAVORY MEN\u00dcS\u00dc CASA ITALIAN ALACARTE KAHVALTI MEN\u00dcS\u00dc CASA ITALIAN ALACARTE AK\u015eAM YEME\u011eI\u0307 MEN\u00dcS\u00dc CATCH BALIK MEN\u00dcS\u00dc YE\u015eI\u0307M SETI\u0307 MEN\u00dcS\u00dc ZAATAR AK\u015eAM YEME\u011eI\u0307 MEN\u00dcS\u00dc ZAATAR HAFI\u0307F ATI\u015eTIRMALIK ZAATAR SNACK RESTORAN MEN\u00dcS\u00dc Kahve Bazl\u0131 \u0130\u00e7ecekler Alkols\u00fcz \u0130\u00e7ecekler Kokteyller ve Alkoll\u00fc \u0130\u00e7ecekler \u015earap<\/p>\n","protected":false},"author":1,"featured_media":0,"parent":0,"menu_order":0,"comment_status":"closed","ping_status":"closed","template":"","meta":{"cozystay_single_page_hide_site_header":"","cozystay_single_page_site_header_source":"","cozystay_single_page_custom_site_header":"0","cozystay_single_page_custom_sticky_site_header":"0","cozystay_single_page_hide_page_title":"","cozystay_single_page_header_section_size":"","cozystay_single_page_header_background_color":"","cozystay_single_page_header_background_position_x":"center","cozystay_single_page_header_background_position_y":"center","cozystay_single_page_header_background_size":"cover","cozystay_single_page_header_background_repeat":"off","cozystay_single_page_header_background_scroll":"on","cozystay_single_page_header_text_color":"","cozystay_single_page_header_show_breadcrumb":"","cozystay_single_page_site_footer_hide_main":"","cozystay_single_custom_site_footer_main_source":"","cozystay_single_custom_site_footer_main":"0","cozystay_single_page_site_footer_hide_above":"","cozystay_single_custom_site_footer_above_source":"","cozystay_single_custom_site_footer_above":"0","cozystay_single_page_site_footer_hide_instagram":"","cozystay_single_page_site_footer_hide_bottom":"","cozystay_single_custom_mobile_menu_source":"","cozystay_single_custom_mobile_menu":"0","cozystay_single_custom_mobile_menu_animation":"","cozystay_single_custom_mobile_menu_width":"","cozystay_single_custom_mobile_menu_custom_width":375,"footnotes":""},"class_list":["post-4660","page","type-page","status-publish","hentry"],"yoast_head":"<!-- This site is optimized with the Yoast SEO plugin v27.4 - https:\/\/yoast.com\/product\/yoast-seo-wordpress\/ -->\n<title>T\u00fcm Men\u00fcler - The Plaza Bodrum<\/title>\n<meta name=\"robots\" content=\"index, follow, max-snippet:-1, max-image-preview:large, max-video-preview:-1\" \/>\n<link rel=\"canonical\" href=\"https:\/\/theplazabodrum.com\/tr\/tum-menuler\/\" \/>\n<meta property=\"og:locale\" content=\"tr_TR\" \/>\n<meta property=\"og:type\" content=\"article\" \/>\n<meta property=\"og:title\" content=\"T\u00fcm Men\u00fcler - The Plaza Bodrum\" \/>\n<meta property=\"og:description\" content=\"PRIVEE SNACK RESTORAN MEN\u00dcS\u00dc PRIME CUT MEN\u00dc SAVORY MEN\u00dcS\u00dc CASA ITALIAN ALACARTE KAHVALTI MEN\u00dcS\u00dc CASA ITALIAN ALACARTE AK\u015eAM YEME\u011eI\u0307 MEN\u00dcS\u00dc CATCH BALIK MEN\u00dcS\u00dc YE\u015eI\u0307M SETI\u0307 MEN\u00dcS\u00dc ZAATAR AK\u015eAM YEME\u011eI\u0307 MEN\u00dcS\u00dc ZAATAR HAFI\u0307F ATI\u015eTIRMALIK ZAATAR SNACK RESTORAN MEN\u00dcS\u00dc Kahve Bazl\u0131 \u0130\u00e7ecekler Alkols\u00fcz \u0130\u00e7ecekler Kokteyller ve Alkoll\u00fc \u0130\u00e7ecekler \u015earap\" \/>\n<meta property=\"og:url\" content=\"https:\/\/theplazabodrum.com\/tr\/tum-menuler\/\" \/>\n<meta property=\"og:site_name\" content=\"The Plaza Bodrum\" \/>\n<meta property=\"article:modified_time\" content=\"2025-04-21T09:59:17+00:00\" \/>\n<meta name=\"twitter:card\" content=\"summary_large_image\" \/>\n<script type=\"application\/ld+json\" class=\"yoast-schema-graph\">{\"@context\":\"https:\\\/\\\/schema.org\",\"@graph\":[{\"@type\":\"WebPage\",\"@id\":\"https:\\\/\\\/theplazabodrum.com\\\/tr\\\/tum-menuler\\\/\",\"url\":\"https:\\\/\\\/theplazabodrum.com\\\/tr\\\/tum-menuler\\\/\",\"name\":\"T\u00fcm Men\u00fcler - The Plaza Bodrum\",\"isPartOf\":{\"@id\":\"https:\\\/\\\/theplazabodrum.com\\\/tr\\\/#website\"},\"datePublished\":\"2023-03-28T01:41:51+00:00\",\"dateModified\":\"2025-04-21T09:59:17+00:00\",\"breadcrumb\":{\"@id\":\"https:\\\/\\\/theplazabodrum.com\\\/tr\\\/tum-menuler\\\/#breadcrumb\"},\"inLanguage\":\"tr\",\"potentialAction\":[{\"@type\":\"ReadAction\",\"target\":[\"https:\\\/\\\/theplazabodrum.com\\\/tr\\\/tum-menuler\\\/\"]}]},{\"@type\":\"BreadcrumbList\",\"@id\":\"https:\\\/\\\/theplazabodrum.com\\\/tr\\\/tum-menuler\\\/#breadcrumb\",\"itemListElement\":[{\"@type\":\"ListItem\",\"position\":1,\"name\":\"Home\",\"item\":\"https:\\\/\\\/theplazabodrum.com\\\/tr\\\/\"},{\"@type\":\"ListItem\",\"position\":2,\"name\":\"T\u00fcm Men\u00fcler\"}]},{\"@type\":\"WebSite\",\"@id\":\"https:\\\/\\\/theplazabodrum.com\\\/tr\\\/#website\",\"url\":\"https:\\\/\\\/theplazabodrum.com\\\/tr\\\/\",\"name\":\"The Plaza Bodrum\",\"description\":\"Where Luxury Meets Serenity\",\"potentialAction\":[{\"@type\":\"SearchAction\",\"target\":{\"@type\":\"EntryPoint\",\"urlTemplate\":\"https:\\\/\\\/theplazabodrum.com\\\/tr\\\/?s={search_term_string}\"},\"query-input\":{\"@type\":\"PropertyValueSpecification\",\"valueRequired\":true,\"valueName\":\"search_term_string\"}}],\"inLanguage\":\"tr\"}]}<\/script>\n<!-- \/ Yoast SEO plugin. -->","yoast_head_json":{"title":"T\u00fcm Men\u00fcler - The Plaza Bodrum","robots":{"index":"index","follow":"follow","max-snippet":"max-snippet:-1","max-image-preview":"max-image-preview:large","max-video-preview":"max-video-preview:-1"},"canonical":"https:\/\/theplazabodrum.com\/tr\/tum-menuler\/","og_locale":"tr_TR","og_type":"article","og_title":"T\u00fcm Men\u00fcler - The Plaza Bodrum","og_description":"PRIVEE SNACK RESTORAN MEN\u00dcS\u00dc PRIME CUT MEN\u00dc SAVORY MEN\u00dcS\u00dc CASA ITALIAN ALACARTE KAHVALTI MEN\u00dcS\u00dc CASA ITALIAN ALACARTE AK\u015eAM YEME\u011eI\u0307 MEN\u00dcS\u00dc CATCH BALIK MEN\u00dcS\u00dc YE\u015eI\u0307M SETI\u0307 MEN\u00dcS\u00dc ZAATAR AK\u015eAM YEME\u011eI\u0307 MEN\u00dcS\u00dc ZAATAR HAFI\u0307F ATI\u015eTIRMALIK ZAATAR SNACK RESTORAN MEN\u00dcS\u00dc Kahve Bazl\u0131 \u0130\u00e7ecekler Alkols\u00fcz \u0130\u00e7ecekler Kokteyller ve Alkoll\u00fc \u0130\u00e7ecekler \u015earap","og_url":"https:\/\/theplazabodrum.com\/tr\/tum-menuler\/","og_site_name":"The Plaza Bodrum","article_modified_time":"2025-04-21T09:59:17+00:00","twitter_card":"summary_large_image","schema":{"@context":"https:\/\/schema.org","@graph":[{"@type":"WebPage","@id":"https:\/\/theplazabodrum.com\/tr\/tum-menuler\/","url":"https:\/\/theplazabodrum.com\/tr\/tum-menuler\/","name":"T\u00fcm Men\u00fcler - The Plaza Bodrum","isPartOf":{"@id":"https:\/\/theplazabodrum.com\/tr\/#website"},"datePublished":"2023-03-28T01:41:51+00:00","dateModified":"2025-04-21T09:59:17+00:00","breadcrumb":{"@id":"https:\/\/theplazabodrum.com\/tr\/tum-menuler\/#breadcrumb"},"inLanguage":"tr","potentialAction":[{"@type":"ReadAction","target":["https:\/\/theplazabodrum.com\/tr\/tum-menuler\/"]}]},{"@type":"BreadcrumbList","@id":"https:\/\/theplazabodrum.com\/tr\/tum-menuler\/#breadcrumb","itemListElement":[{"@type":"ListItem","position":1,"name":"Home","item":"https:\/\/theplazabodrum.com\/tr\/"},{"@type":"ListItem","position":2,"name":"T\u00fcm Men\u00fcler"}]},{"@type":"WebSite","@id":"https:\/\/theplazabodrum.com\/tr\/#website","url":"https:\/\/theplazabodrum.com\/tr\/","name":"The Plaza Bodrum","description":"Where Luxury Meets Serenity","potentialAction":[{"@type":"SearchAction","target":{"@type":"EntryPoint","urlTemplate":"https:\/\/theplazabodrum.com\/tr\/?s={search_term_string}"},"query-input":{"@type":"PropertyValueSpecification","valueRequired":true,"valueName":"search_term_string"}}],"inLanguage":"tr"}]}},"_links":{"self":[{"href":"https:\/\/theplazabodrum.com\/tr\/wp-json\/wp\/v2\/pages\/4660","targetHints":{"allow":["GET"]}}],"collection":[{"href":"https:\/\/theplazabodrum.com\/tr\/wp-json\/wp\/v2\/pages"}],"about":[{"href":"https:\/\/theplazabodrum.com\/tr\/wp-json\/wp\/v2\/types\/page"}],"author":[{"embeddable":true,"href":"https:\/\/theplazabodrum.com\/tr\/wp-json\/wp\/v2\/users\/1"}],"replies":[{"embeddable":true,"href":"https:\/\/theplazabodrum.com\/tr\/wp-json\/wp\/v2\/comments?post=4660"}],"version-history":[{"count":7,"href":"https:\/\/theplazabodrum.com\/tr\/wp-json\/wp\/v2\/pages\/4660\/revisions"}],"predecessor-version":[{"id":4687,"href":"https:\/\/theplazabodrum.com\/tr\/wp-json\/wp\/v2\/pages\/4660\/revisions\/4687"}],"wp:attachment":[{"href":"https:\/\/theplazabodrum.com\/tr\/wp-json\/wp\/v2\/media?parent=4660"}],"curies":[{"name":"wp","href":"https:\/\/api.w.org\/{rel}","templated":true}]}}