{"id":5770,"date":"2025-05-01T16:24:09","date_gmt":"2025-05-01T13:24:09","guid":{"rendered":"https:\/\/theplazabodrum.com\/tum-menuler\/prime-cut\/"},"modified":"2025-06-22T18:55:19","modified_gmt":"2025-06-22T15:55:19","slug":"prime-cut","status":"publish","type":"page","link":"https:\/\/theplazabodrum.com\/tr\/tum-menuler\/prime-cut\/","title":{"rendered":"Prime Cut"},"content":{"rendered":"\t\t<div data-elementor-type=\"wp-page\" data-elementor-id=\"5770\" class=\"elementor elementor-5770 elementor-5764\" data-elementor-post-type=\"page\">\n\t\t\t\t\t\t<section class=\"elementor-section elementor-top-section elementor-element elementor-element-6e1c050c elementor-section-height-min-height cs-section-content-fullwidth cs-parallax-on-scroll cs_scroll_y_80 elementor-section-boxed elementor-section-height-default elementor-section-items-middle\" data-id=\"6e1c050c\" data-element_type=\"section\" data-e-type=\"section\" data-settings=\"{&quot;background_background&quot;:&quot;classic&quot;}\" data-cs-parallax-y=\"80\" style=\"background-image: none;\" data-cs-background-image=\"https:\/\/theplazabodrum.com\/wp-content\/uploads\/2025\/04\/Zaatar-1.jpg\" data-cs-background-image-alt-text=\"\">\n\t\t\t\t\t\t\t<div class=\"elementor-background-overlay\"><\/div>\n\t\t\t\t\t\t\t<div class=\"elementor-container elementor-column-gap-no\">\n\t\t\t\t\t<div class=\"elementor-column elementor-col-100 elementor-top-column elementor-element elementor-element-a3b7434 dark-color\" data-id=\"a3b7434\" data-element_type=\"column\" data-e-type=\"column\">\n\t\t\t<div class=\"elementor-widget-wrap elementor-element-populated\">\n\t\t\t\t\t\t<div class=\"elementor-element elementor-element-7f3c6d1 elementor-align-center elementor-widget elementor-widget-cs_button\" data-id=\"7f3c6d1\" data-element_type=\"widget\" data-e-type=\"widget\" data-widget_type=\"cs_button.default\">\n\t\t\t\t<div class=\"elementor-widget-container\">\n\t\t\t\t\t        <a href=\"https:\/\/theplazabodrum.com\/all-menus\/prime-cut\/prime-cut-snack\/\" class=\"elementor-button-link button\" role=\"button\">\n            <span class=\"cs-btn-text\">PRIME CUT ATI\u015eTIRMALIK<\/span>        <\/a>\t\t\t\t<\/div>\n\t\t\t\t<\/div>\n\t\t\t\t<div class=\"elementor-element elementor-element-8305395 elementor-align-center elementor-widget elementor-widget-cs_button\" data-id=\"8305395\" data-element_type=\"widget\" data-e-type=\"widget\" data-widget_type=\"cs_button.default\">\n\t\t\t\t<div class=\"elementor-widget-container\">\n\t\t\t\t\t        <a href=\"https:\/\/theplazabodrum.com\/all-menus\/prime-cut\/prime-cut-dinner\/\" class=\"elementor-button-link button\" role=\"button\">\n            <span class=\"cs-btn-text\">PRIME CUT AK\u015eAM YEME\u011eI\u0307<\/span>        <\/a>\t\t\t\t<\/div>\n\t\t\t\t<\/div>\n\t\t\t\t<div class=\"elementor-element elementor-element-212768f elementor-align-center elementor-widget elementor-widget-cs_button\" data-id=\"212768f\" data-element_type=\"widget\" data-e-type=\"widget\" data-widget_type=\"cs_button.default\">\n\t\t\t\t<div class=\"elementor-widget-container\">\n\t\t\t\t\t        <a href=\"https:\/\/theplazabodrum.com\/all-menus\/wine\/\" class=\"elementor-button-link button\" role=\"button\">\n            <span class=\"cs-btn-text\">\u015eARAP<\/span>        <\/a>\t\t\t\t<\/div>\n\t\t\t\t<\/div>\n\t\t\t\t\t<\/div>\n\t\t<\/div>\n\t\t\t\t\t<\/div>\n\t\t<\/section>\n\t\t\t\t<\/div>\n\t\t","protected":false},"excerpt":{"rendered":"<p>PRIME CUT ATI\u015eTIRMALIK PRIME CUT AK\u015eAM YEME\u011eI\u0307 \u015eARAP<\/p>\n","protected":false},"author":1,"featured_media":0,"parent":4660,"menu_order":0,"comment_status":"closed","ping_status":"closed","template":"","meta":{"cozystay_single_page_hide_site_header":"","cozystay_single_page_site_header_source":"","cozystay_single_page_custom_site_header":"0","cozystay_single_page_custom_sticky_site_header":"0","cozystay_single_page_hide_page_title":"","cozystay_single_page_header_section_size":"","cozystay_single_page_header_background_color":"","cozystay_single_page_header_background_position_x":"center","cozystay_single_page_header_background_position_y":"center","cozystay_single_page_header_background_size":"cover","cozystay_single_page_header_background_repeat":"off","cozystay_single_page_header_background_scroll":"on","cozystay_single_page_header_text_color":"","cozystay_single_page_header_show_breadcrumb":"","cozystay_single_page_site_footer_hide_main":"","cozystay_single_custom_site_footer_main_source":"","cozystay_single_custom_site_footer_main":"0","cozystay_single_page_site_footer_hide_above":"","cozystay_single_custom_site_footer_above_source":"","cozystay_single_custom_site_footer_above":"0","cozystay_single_page_site_footer_hide_instagram":"","cozystay_single_page_site_footer_hide_bottom":"","cozystay_single_custom_mobile_menu_source":"","cozystay_single_custom_mobile_menu":"0","cozystay_single_custom_mobile_menu_animation":"","cozystay_single_custom_mobile_menu_width":"","cozystay_single_custom_mobile_menu_custom_width":375,"footnotes":""},"class_list":["post-5770","page","type-page","status-publish","hentry"],"yoast_head":"<!-- This site is optimized with the Yoast SEO plugin v27.4 - https:\/\/yoast.com\/product\/yoast-seo-wordpress\/ -->\n<title>Prime Cut - The Plaza Bodrum<\/title>\n<meta name=\"robots\" content=\"index, follow, max-snippet:-1, max-image-preview:large, max-video-preview:-1\" \/>\n<link rel=\"canonical\" href=\"https:\/\/theplazabodrum.com\/tr\/tum-menuler\/prime-cut\/\" \/>\n<meta property=\"og:locale\" content=\"tr_TR\" \/>\n<meta property=\"og:type\" content=\"article\" \/>\n<meta property=\"og:title\" content=\"Prime Cut - The Plaza Bodrum\" \/>\n<meta property=\"og:description\" content=\"PRIME CUT ATI\u015eTIRMALIK PRIME CUT AK\u015eAM YEME\u011eI\u0307 \u015eARAP\" \/>\n<meta property=\"og:url\" content=\"https:\/\/theplazabodrum.com\/tr\/tum-menuler\/prime-cut\/\" \/>\n<meta property=\"og:site_name\" content=\"The Plaza Bodrum\" \/>\n<meta property=\"article:modified_time\" content=\"2025-06-22T15:55:19+00:00\" \/>\n<meta name=\"twitter:card\" content=\"summary_large_image\" \/>\n<script type=\"application\/ld+json\" class=\"yoast-schema-graph\">{\"@context\":\"https:\\\/\\\/schema.org\",\"@graph\":[{\"@type\":\"WebPage\",\"@id\":\"https:\\\/\\\/theplazabodrum.com\\\/tr\\\/tum-menuler\\\/prime-cut\\\/\",\"url\":\"https:\\\/\\\/theplazabodrum.com\\\/tr\\\/tum-menuler\\\/prime-cut\\\/\",\"name\":\"Prime Cut - The Plaza Bodrum\",\"isPartOf\":{\"@id\":\"https:\\\/\\\/theplazabodrum.com\\\/tr\\\/#website\"},\"datePublished\":\"2025-05-01T13:24:09+00:00\",\"dateModified\":\"2025-06-22T15:55:19+00:00\",\"breadcrumb\":{\"@id\":\"https:\\\/\\\/theplazabodrum.com\\\/tr\\\/tum-menuler\\\/prime-cut\\\/#breadcrumb\"},\"inLanguage\":\"tr\",\"potentialAction\":[{\"@type\":\"ReadAction\",\"target\":[\"https:\\\/\\\/theplazabodrum.com\\\/tr\\\/tum-menuler\\\/prime-cut\\\/\"]}]},{\"@type\":\"BreadcrumbList\",\"@id\":\"https:\\\/\\\/theplazabodrum.com\\\/tr\\\/tum-menuler\\\/prime-cut\\\/#breadcrumb\",\"itemListElement\":[{\"@type\":\"ListItem\",\"position\":1,\"name\":\"Home\",\"item\":\"https:\\\/\\\/theplazabodrum.com\\\/tr\\\/\"},{\"@type\":\"ListItem\",\"position\":2,\"name\":\"T\u00fcm Men\u00fcler\",\"item\":\"https:\\\/\\\/theplazabodrum.com\\\/tr\\\/all-menus\\\/\"},{\"@type\":\"ListItem\",\"position\":3,\"name\":\"Prime Cut\"}]},{\"@type\":\"WebSite\",\"@id\":\"https:\\\/\\\/theplazabodrum.com\\\/tr\\\/#website\",\"url\":\"https:\\\/\\\/theplazabodrum.com\\\/tr\\\/\",\"name\":\"The Plaza Bodrum\",\"description\":\"Where Luxury Meets Serenity\",\"potentialAction\":[{\"@type\":\"SearchAction\",\"target\":{\"@type\":\"EntryPoint\",\"urlTemplate\":\"https:\\\/\\\/theplazabodrum.com\\\/tr\\\/?s={search_term_string}\"},\"query-input\":{\"@type\":\"PropertyValueSpecification\",\"valueRequired\":true,\"valueName\":\"search_term_string\"}}],\"inLanguage\":\"tr\"}]}<\/script>\n<!-- \/ Yoast SEO plugin. -->","yoast_head_json":{"title":"Prime Cut - The Plaza Bodrum","robots":{"index":"index","follow":"follow","max-snippet":"max-snippet:-1","max-image-preview":"max-image-preview:large","max-video-preview":"max-video-preview:-1"},"canonical":"https:\/\/theplazabodrum.com\/tr\/tum-menuler\/prime-cut\/","og_locale":"tr_TR","og_type":"article","og_title":"Prime Cut - The Plaza Bodrum","og_description":"PRIME CUT ATI\u015eTIRMALIK PRIME CUT AK\u015eAM YEME\u011eI\u0307 \u015eARAP","og_url":"https:\/\/theplazabodrum.com\/tr\/tum-menuler\/prime-cut\/","og_site_name":"The Plaza Bodrum","article_modified_time":"2025-06-22T15:55:19+00:00","twitter_card":"summary_large_image","schema":{"@context":"https:\/\/schema.org","@graph":[{"@type":"WebPage","@id":"https:\/\/theplazabodrum.com\/tr\/tum-menuler\/prime-cut\/","url":"https:\/\/theplazabodrum.com\/tr\/tum-menuler\/prime-cut\/","name":"Prime Cut - The Plaza Bodrum","isPartOf":{"@id":"https:\/\/theplazabodrum.com\/tr\/#website"},"datePublished":"2025-05-01T13:24:09+00:00","dateModified":"2025-06-22T15:55:19+00:00","breadcrumb":{"@id":"https:\/\/theplazabodrum.com\/tr\/tum-menuler\/prime-cut\/#breadcrumb"},"inLanguage":"tr","potentialAction":[{"@type":"ReadAction","target":["https:\/\/theplazabodrum.com\/tr\/tum-menuler\/prime-cut\/"]}]},{"@type":"BreadcrumbList","@id":"https:\/\/theplazabodrum.com\/tr\/tum-menuler\/prime-cut\/#breadcrumb","itemListElement":[{"@type":"ListItem","position":1,"name":"Home","item":"https:\/\/theplazabodrum.com\/tr\/"},{"@type":"ListItem","position":2,"name":"T\u00fcm Men\u00fcler","item":"https:\/\/theplazabodrum.com\/tr\/all-menus\/"},{"@type":"ListItem","position":3,"name":"Prime Cut"}]},{"@type":"WebSite","@id":"https:\/\/theplazabodrum.com\/tr\/#website","url":"https:\/\/theplazabodrum.com\/tr\/","name":"The Plaza Bodrum","description":"Where Luxury Meets Serenity","potentialAction":[{"@type":"SearchAction","target":{"@type":"EntryPoint","urlTemplate":"https:\/\/theplazabodrum.com\/tr\/?s={search_term_string}"},"query-input":{"@type":"PropertyValueSpecification","valueRequired":true,"valueName":"search_term_string"}}],"inLanguage":"tr"}]}},"_links":{"self":[{"href":"https:\/\/theplazabodrum.com\/tr\/wp-json\/wp\/v2\/pages\/5770","targetHints":{"allow":["GET"]}}],"collection":[{"href":"https:\/\/theplazabodrum.com\/tr\/wp-json\/wp\/v2\/pages"}],"about":[{"href":"https:\/\/theplazabodrum.com\/tr\/wp-json\/wp\/v2\/types\/page"}],"author":[{"embeddable":true,"href":"https:\/\/theplazabodrum.com\/tr\/wp-json\/wp\/v2\/users\/1"}],"replies":[{"embeddable":true,"href":"https:\/\/theplazabodrum.com\/tr\/wp-json\/wp\/v2\/comments?post=5770"}],"version-history":[{"count":4,"href":"https:\/\/theplazabodrum.com\/tr\/wp-json\/wp\/v2\/pages\/5770\/revisions"}],"predecessor-version":[{"id":7122,"href":"https:\/\/theplazabodrum.com\/tr\/wp-json\/wp\/v2\/pages\/5770\/revisions\/7122"}],"up":[{"embeddable":true,"href":"https:\/\/theplazabodrum.com\/tr\/wp-json\/wp\/v2\/pages\/4660"}],"wp:attachment":[{"href":"https:\/\/theplazabodrum.com\/tr\/wp-json\/wp\/v2\/media?parent=5770"}],"curies":[{"name":"wp","href":"https:\/\/api.w.org\/{rel}","templated":true}]}}